{"id":6585,"date":"2023-11-21T12:53:25","date_gmt":"2023-11-21T11:53:25","guid":{"rendered":"https:\/\/www.stefaniexchangers.com\/it\/?page_id=6585"},"modified":"2025-09-04T01:17:58","modified_gmt":"2025-09-03T23:17:58","slug":"contacts","status":"publish","type":"page","link":"https:\/\/www.stefaniexchangers.com\/fr\/contacts\/","title":{"rendered":"Contacts"},"content":{"rendered":"<p><div class=\"fusion-fullwidth fullwidth-box fusion-builder-row-1 fusion-flex-container has-pattern-background has-mask-background hundred-percent-fullwidth non-hundred-percent-height-scrolling\" style=\"--awb-border-radius-top-left:0px;--awb-border-radius-top-right:0px;--awb-border-radius-bottom-right:0px;--awb-border-radius-bottom-left:0px;--awb-padding-top:0px;--awb-padding-right:0px;--awb-padding-bottom:0px;--awb-padding-left:0px;--awb-margin-top:0px;--awb-margin-bottom:0px;--awb-flex-wrap:wrap;\" ><div class=\"fusion-builder-row fusion-row fusion-flex-align-items-flex-start fusion-flex-content-wrap\" style=\"width:102% !important;max-width:102% !important;margin-left: calc(-2% \/ 2 );margin-right: calc(-2% \/ 2 );\"><div class=\"fusion-layout-column fusion_builder_column fusion-builder-column-0 fusion_builder_column_1_1 1_1 fusion-flex-column\" style=\"--awb-bg-size:cover;--awb-width-large:100%;--awb-margin-top-large:10px;--awb-spacing-right-large:0.98%;--awb-margin-bottom-large:10px;--awb-spacing-left-large:0.98%;--awb-width-medium:100%;--awb-order-medium:0;--awb-spacing-right-medium:0.98%;--awb-spacing-left-medium:0.98%;--awb-width-small:100%;--awb-order-small:0;--awb-spacing-right-small:0.98%;--awb-spacing-left-small:0.98%;\"><div class=\"fusion-column-wrapper fusion-column-has-shadow fusion-flex-justify-content-flex-start fusion-content-layout-column\"><iframe src=\"https:\/\/www.google.com\/maps\/embed?pb=!1m14!1m8!1m3!1d11197.676181453957!2d11.5956149!3d45.4412112!3m2!1i1024!2i768!4f13.1!3m3!1m2!1s0x0%3A0xc9d780196ab7a7bb!2sStefani%20Spa!5e0!3m2!1sit!2sit!4v1586341636558!5m2!1sit!2sit\" width=\"100%\" height=\"450\" frameborder=\"0\" style=\"border:0;\" allowfullscreen=\"\" aria-hidden=\"false\" tabindex=\"0\"><\/iframe><\/div><\/div><\/div><\/div><div class=\"fusion-fullwidth fullwidth-box fusion-builder-row-2 fusion-flex-container has-pattern-background has-mask-background nonhundred-percent-fullwidth non-hundred-percent-height-scrolling\" style=\"--awb-border-radius-top-left:0px;--awb-border-radius-top-right:0px;--awb-border-radius-bottom-right:0px;--awb-border-radius-bottom-left:0px;--awb-padding-top:60px;--awb-flex-wrap:wrap;\" ><div class=\"fusion-builder-row fusion-row fusion-flex-align-items-flex-start fusion-flex-justify-content-space-between fusion-flex-content-wrap\" style=\"max-width:1224px;margin-left: calc(-2% \/ 2 );margin-right: calc(-2% \/ 2 );\"><div class=\"fusion-layout-column fusion_builder_column fusion-builder-column-1 fusion_builder_column_2_5 2_5 fusion-flex-column\" style=\"--awb-bg-size:cover;--awb-width-large:40%;--awb-margin-top-large:10px;--awb-spacing-right-large:2.45%;--awb-margin-bottom-large:10px;--awb-spacing-left-large:2.45%;--awb-width-medium:40%;--awb-order-medium:0;--awb-spacing-right-medium:2.45%;--awb-spacing-left-medium:2.45%;--awb-width-small:100%;--awb-order-small:0;--awb-spacing-right-small:0.98%;--awb-spacing-left-small:0.98%;\"><div class=\"fusion-column-wrapper fusion-column-has-shadow fusion-flex-justify-content-flex-start fusion-content-layout-column\"><div class=\"fusion-title title fusion-title-1 fusion-sep-none fusion-title-text fusion-title-size-two\"><h2 class=\"fusion-title-heading title-heading-left\" style=\"margin:0;\">Stefani Spa<\/h2><\/div><ul style=\"--awb-line-height:23.8px;--awb-icon-width:23.8px;--awb-icon-height:23.8px;--awb-icon-margin:9.8px;--awb-content-margin:33.6px;\" class=\"fusion-checklist fusion-checklist-1 fusion-checklist-default type-icons\"><li class=\"fusion-li-item\" style=\"\"><span class=\"icon-wrapper circle-no\"><i class=\"fusion-li-icon fa-map-marker-alt fas\" aria-hidden=\"true\"><\/i><\/span><div class=\"fusion-li-item-content\">\n<p>Via del Lavoro, 9 \u2013 36020 Castegnero (VI) Italia<\/p>\n<\/div><\/li><li class=\"fusion-li-item\" style=\"\"><span class=\"icon-wrapper circle-no\"><i class=\"fusion-li-icon fa-phone-alt fas\" aria-hidden=\"true\"><\/i><\/span><div class=\"fusion-li-item-content\">Tel. +39 0444 639999<\/div><\/li><li class=\"fusion-li-item\" style=\"\"><span class=\"icon-wrapper circle-no\"><i class=\"fusion-li-icon fa-envelope fas\" aria-hidden=\"true\"><\/i><\/span><div class=\"fusion-li-item-content\"><a href=\"mailto:info@stefani-online.it\">info@stefani-online.it<\/a><\/div><\/li><li class=\"fusion-li-item\" style=\"\"><span class=\"icon-wrapper circle-no\"><i class=\"fusion-li-icon fa-chevron-circle-right fas\" aria-hidden=\"true\"><\/i><\/span><div class=\"fusion-li-item-content\">\n<p>REA VI 116622<\/p>\n<\/div><\/li><li class=\"fusion-li-item\" style=\"\"><span class=\"icon-wrapper circle-no\"><i class=\"fusion-li-icon fa-chevron-circle-right fas\" aria-hidden=\"true\"><\/i><\/span><div class=\"fusion-li-item-content\">Num\u00e9ro fiscal, num\u00e9ro de TVA et num\u00e9ro d\u2019immatriculation \u00e0 la chambre de commerce (CCIAA) 00171570245<\/div><\/li><li class=\"fusion-li-item\" style=\"\"><span class=\"icon-wrapper circle-no\"><i class=\"fusion-li-icon fa-chevron-circle-right fas\" aria-hidden=\"true\"><\/i><\/span><div class=\"fusion-li-item-content\">Cap. soc. 540 000,00 euros e.l.<\/div><\/li><\/ul><\/div><\/div><div class=\"fusion-layout-column fusion_builder_column fusion-builder-column-2 fusion_builder_column_1_2 1_2 fusion-flex-column\" style=\"--awb-bg-size:cover;--awb-width-large:50%;--awb-margin-top-large:10px;--awb-spacing-right-large:1.96%;--awb-margin-bottom-large:10px;--awb-spacing-left-large:1.96%;--awb-width-medium:50%;--awb-order-medium:0;--awb-spacing-right-medium:1.96%;--awb-spacing-left-medium:1.96%;--awb-width-small:100%;--awb-order-small:0;--awb-spacing-right-small:0.98%;--awb-spacing-left-small:0.98%;\"><div class=\"fusion-column-wrapper fusion-column-has-shadow fusion-flex-justify-content-flex-start fusion-content-layout-column\">\n<div class=\"wpcf7 no-js\" id=\"wpcf7-f134-o1\" lang=\"it-IT\" dir=\"ltr\">\n<div class=\"screen-reader-response\"><p role=\"status\" aria-live=\"polite\" aria-atomic=\"true\"><\/p> <ul><\/ul><\/div>\n<form action=\"\/fr\/wp-json\/wp\/v2\/pages\/6585#wpcf7-f134-o1\" method=\"post\" class=\"wpcf7-form init\" aria-label=\"Modulo di contatto\" novalidate=\"novalidate\" data-status=\"init\">\n<div style=\"display: none;\">\n<input type=\"hidden\" name=\"_wpcf7\" value=\"134\" \/>\n<input type=\"hidden\" name=\"_wpcf7_version\" value=\"5.9.8\" \/>\n<input type=\"hidden\" name=\"_wpcf7_locale\" value=\"it_IT\" \/>\n<input type=\"hidden\" name=\"_wpcf7_unit_tag\" value=\"wpcf7-f134-o1\" \/>\n<input type=\"hidden\" name=\"_wpcf7_container_post\" value=\"0\" \/>\n<input type=\"hidden\" name=\"_wpcf7_posted_data_hash\" value=\"\" \/>\n<input type=\"hidden\" name=\"_wpcf7_recaptcha_response\" value=\"\" \/>\n<\/div>\n                <style>\n                    .uacf7-uacf7style-134 label {\n                        color: #434549;font-style: normal;font-weight: normal;margin-top: 10px;margin-bottom: 10px;                    }\n\n                    .uacf7-uacf7style-134 input[type=\"email\"],\n                    .uacf7-uacf7style-134 input[type=\"number\"],\n                    .uacf7-uacf7style-134 input[type=\"password\"],\n                    .uacf7-uacf7style-134 input[type=\"search\"],\n                    .uacf7-uacf7style-134 input[type=\"tel\"],\n                    .uacf7-uacf7style-134 input[type=\"text\"],\n                    .uacf7-uacf7style-134 input[type=\"url\"],\n                    .uacf7-uacf7style-134 input[type=\"date\"],\n                    .uacf7-uacf7style-134 select,\n                    .uacf7-uacf7style-134 textarea {\n                        color: #434549;font-style: normal;font-weight: normal;border-style: solid;margin-top: 10px;margin-bottom: 10px;                    }\n\n                    .uacf7-uacf7style-134 .wpcf7-radio span,\n                    .uacf7-uacf7style-134 .wpcf7-checkbox span {\n                        color: #434549;font-style: normal;font-weight: normal;                    }\n\n                    .uacf7-uacf7style-134 textarea {\n                                            }\n\n                    .wpcf7-form-control-wrap select {\n                        width: 100%;\n                    }\n\n                    .uacf7-uacf7style-134 input[type=\"submit\"] {\n                        font-style: normal;font-weight: normal;border-width: 1px;border-color: #e2001a;border-style: solid;margin-top: 20px;                    }\n\n                    .uacf7-uacf7style-134 input[type=\"submit\"]:hover {\n                        color: #ffffff;background-color: #e2001a;border-color: #e2001a;                    }\n\n                                    <\/style>\n\n\t\t\t\t<div class=\"uacf7-uacf7style uacf7-uacf7style-134\"><div class=\"uacf7-form-134\"><div class=\"uacf7-row\"><div class=\"uacf7-col-6\"><span class=\"wpcf7-form-control-wrap\" data-name=\"nome\"><input size=\"40\" maxlength=\"400\" class=\"wpcf7-form-control wpcf7-text wpcf7-validates-as-required\" aria-required=\"true\" aria-invalid=\"false\" placeholder=\"*Pr\u00e9nom\" value=\"\" type=\"text\" name=\"nome\" \/><\/span><\/div><div class=\"uacf7-col-6\"><span class=\"wpcf7-form-control-wrap\" data-name=\"cognome\"><input size=\"40\" maxlength=\"400\" class=\"wpcf7-form-control wpcf7-text wpcf7-validates-as-required\" aria-required=\"true\" aria-invalid=\"false\" placeholder=\"*Nom\" value=\"\" type=\"text\" name=\"cognome\" \/><\/span><\/div><\/div>\n<div class=\"uacf7-row\"><div class=\"uacf7-col-12\"><span class=\"wpcf7-form-control-wrap\" data-name=\"e-mail\"><input size=\"40\" maxlength=\"400\" class=\"wpcf7-form-control wpcf7-email wpcf7-validates-as-required wpcf7-text wpcf7-validates-as-email\" aria-required=\"true\" aria-invalid=\"false\" placeholder=\"*Courriel\" value=\"\" type=\"email\" name=\"e-mail\" \/><\/span><\/div><\/div>\n<div class=\"uacf7-row\"><div class=\"uacf7-col-6\"><span class=\"wpcf7-form-control-wrap\" data-name=\"azienda\"><input size=\"40\" maxlength=\"400\" class=\"wpcf7-form-control wpcf7-text wpcf7-validates-as-required\" aria-required=\"true\" aria-invalid=\"false\" placeholder=\"*Entreprise\" value=\"\" type=\"text\" name=\"azienda\" \/><\/span><\/div><div class=\"uacf7-col-6\"><span class=\"wpcf7-form-control-wrap\" data-name=\"telefono\"><input size=\"40\" maxlength=\"400\" class=\"wpcf7-form-control wpcf7-tel wpcf7-text wpcf7-validates-as-tel\" aria-invalid=\"false\" placeholder=\"*T\u00e9l\u00e9phone\" value=\"\" type=\"tel\" name=\"telefono\" \/><\/span><\/div><\/div>\n<div class=\"uacf7-row\"><div class=\"uacf7-col-6\"><label>*Type de client <span class=\"wpcf7-form-control-wrap\" data-name=\"tipologia\"><select class=\"wpcf7-form-control wpcf7-select wpcf7-validates-as-required\" aria-required=\"true\" aria-invalid=\"false\" name=\"tipologia\"><option value=\"\">&#8212;Seleziona un&#039;opzione&#8212;<\/option><option value=\"Installateur\">Installateur<\/option><option value=\"Distributeur\">Distributeur<\/option><option value=\"Constructeur\">Constructeur<\/option><option value=\"Consultant\">Consultant<\/option><option value=\"Client final\">Client final<\/option><option value=\"Fournisseur\">Fournisseur<\/option><\/select><\/span><\/label><\/div><div class=\"uacf7-col-6\"><label>*Objet du contact <span class=\"wpcf7-form-control-wrap\" data-name=\"oggetto\"><select class=\"wpcf7-form-control wpcf7-select wpcf7-validates-as-required\" aria-required=\"true\" aria-invalid=\"false\" name=\"oggetto\"><option value=\"\">&#8212;Seleziona un&#039;opzione&#8212;<\/option><option value=\"Coop\u00e9ration\">Coop\u00e9ration<\/option><option value=\"Projet industriel\">Projet industriel<\/option><option value=\"Offre machines du catalogue\">Offre machines du catalogue<\/option><option value=\"Informations sur le produit\">Informations sur le produit<\/option><option value=\"Pi\u00e8ces de rechange\">Pi\u00e8ces de rechange<\/option><\/select><\/span><\/label><\/div><\/div>\n<div class=\"uacf7-row\"><div class=\"uacf7-col-12\"><span class=\"wpcf7-form-control-wrap\" data-name=\"messaggio\"><textarea cols=\"40\" rows=\"10\" maxlength=\"2000\" class=\"wpcf7-form-control wpcf7-textarea\" aria-invalid=\"false\" placeholder=\"Message\" name=\"messaggio\"><\/textarea><\/span><\/div><\/div>\n<div class=\"uacf7-row\"><div class=\"uacf7-col-12\"><span class=\"wpcf7-form-control-wrap\" data-name=\"newsletter\"><span class=\"wpcf7-form-control wpcf7-acceptance optional\"><span class=\"wpcf7-list-item\"><label><input type=\"checkbox\" name=\"newsletter\" value=\"1\" aria-invalid=\"false\" \/><span class=\"wpcf7-list-item-label\">Je donne mon consentement \u00e0 l\u2019activit\u00e9 de marketing direct, y compris l\u2019envoi de newsletters, comme dans la <a href=\"#\" target=\"_blank\" class=\"iubenda-nostyle no-brand iubenda-embed\">Politique de confidentialit\u00e9<\/a>.<\/span><\/label><\/span><\/span><\/span><\/div><\/div>\n<div class=\"uacf7-row\"><div class=\"uacf7-col-12\"><span class=\"wpcf7-form-control-wrap\" data-name=\"privacy\"><span class=\"wpcf7-form-control wpcf7-acceptance\"><span class=\"wpcf7-list-item\"><label><input type=\"checkbox\" name=\"privacy\" value=\"1\" aria-invalid=\"false\" \/><span class=\"wpcf7-list-item-label\">*Je confirme avoir pris connaissance de la <a href=\"#\" target=\"_blank\" class=\"iubenda-nostyle no-brand iubenda-embed\">Politique de confidentialit\u00e9<\/a> et j\u2019autorise le traitement de mes donn\u00e9es personnelles.<\/span><\/label><\/span><\/span><\/span><\/div><\/div>\n<div class=\"uacf7-row\"><div class=\"uacf7-col-4\"><input class=\"wpcf7-form-control wpcf7-submit has-spinner\" type=\"submit\" value=\"Envoyer la demande\" \/><\/div><div class=\"uacf7-col-4\"><\/div><div class=\"uacf7-col-4\"><\/div><\/div><\/div><\/div><div class=\"fusion-alert alert custom alert-custom fusion-alert-center wpcf7-response-output awb-alert-native-link-color alert-dismissable awb-alert-close-boxed\" style=\"--awb-border-size:1px;--awb-border-top-left-radius:0px;--awb-border-top-right-radius:0px;--awb-border-bottom-left-radius:0px;--awb-border-bottom-right-radius:0px;\" role=\"alert\"><div class=\"fusion-alert-content-wrapper\"><span class=\"fusion-alert-content\"><\/span><\/div><button type=\"button\" class=\"close toggle-alert\" data-dismiss=\"alert\" aria-label=\"Close\">&times;<\/button><\/div>\n<\/form>\n<\/div>\n<\/div><\/div><\/div><\/div><\/p>\n","protected":false},"excerpt":{"rendered":"","protected":false},"author":1,"featured_media":0,"parent":0,"menu_order":0,"comment_status":"closed","ping_status":"closed","template":"100-width.php","meta":{"footnotes":""},"class_list":["post-6585","page","type-page","status-publish","hentry"],"_links":{"self":[{"href":"https:\/\/www.stefaniexchangers.com\/fr\/wp-json\/wp\/v2\/pages\/6585","targetHints":{"allow":["GET"]}}],"collection":[{"href":"https:\/\/www.stefaniexchangers.com\/fr\/wp-json\/wp\/v2\/pages"}],"about":[{"href":"https:\/\/www.stefaniexchangers.com\/fr\/wp-json\/wp\/v2\/types\/page"}],"author":[{"embeddable":true,"href":"https:\/\/www.stefaniexchangers.com\/fr\/wp-json\/wp\/v2\/users\/1"}],"replies":[{"embeddable":true,"href":"https:\/\/www.stefaniexchangers.com\/fr\/wp-json\/wp\/v2\/comments?post=6585"}],"version-history":[{"count":3,"href":"https:\/\/www.stefaniexchangers.com\/fr\/wp-json\/wp\/v2\/pages\/6585\/revisions"}],"predecessor-version":[{"id":8434,"href":"https:\/\/www.stefaniexchangers.com\/fr\/wp-json\/wp\/v2\/pages\/6585\/revisions\/8434"}],"wp:attachment":[{"href":"https:\/\/www.stefaniexchangers.com\/fr\/wp-json\/wp\/v2\/media?parent=6585"}],"curies":[{"name":"wp","href":"https:\/\/api.w.org\/{rel}","templated":true}]}}